{"id":7,"date":"2023-01-04T23:27:13","date_gmt":"2023-01-04T22:27:13","guid":{"rendered":"https:\/\/ubikinformatique.com\/?page_id=7"},"modified":"2024-11-15T17:02:56","modified_gmt":"2024-11-15T16:02:56","slug":"elementor-7","status":"publish","type":"page","link":"https:\/\/jbai.fr\/WP3\/","title":{"rendered":"Accueil"},"content":{"rendered":"<style>\/*! elementor - v3.17.0 - 01-11-2023 *\/\n.elementor-heading-title{padding:0;margin:0;line-height:1}.elementor-widget-heading .elementor-heading-title[class*=elementor-size-]>a{color:inherit;font-size:inherit;line-height:inherit}.elementor-widget-heading .elementor-heading-title.elementor-size-small{font-size:15px}.elementor-widget-heading .elementor-heading-title.elementor-size-medium{font-size:19px}.elementor-widget-heading .elementor-heading-title.elementor-size-large{font-size:29px}.elementor-widget-heading .elementor-heading-title.elementor-size-xl{font-size:39px}.elementor-widget-heading .elementor-heading-title.elementor-size-xxl{font-size:59px}<\/style>\n<h4>Julien Boulet<\/h4>\n<h2>UBIK Informatique<\/p>\n<p>Assistance informatique, <br \/>Service et Mat\u00e9riel Informatique sur Cahors<\/h2>\n<h3>PC et APPLE<\/h3>\n<h4>Interventions garanties<\/p>\n<p>Professionnels et particuliers<\/h4>\n<h6>4,9\/5 sur 195 avis Google<\/p>\n<p> <a href=\"https:\/\/g.page\/r\/CRHMhAKLFIxKEBM\"><u>Lien vers la fiche<\/u> <\/a><br \/>\n<\/h6>\n<p>\t\t[wprevpro_usetemplate tid=\u00a0\u00bb2&Prime;]<\/p>\n<h4><a href=\"tel:+33640351866\"><br \/>Pour toute information merci d&rsquo;appeler le 06 40 35 18 66<br \/><\/a><\/h4>\n<p>Depuis 2009.<\/p>\n<p>Assistance, mat\u00e9riel informatique et r\u00e9paration d&rsquo;ordinateurs PC fixes et portables sous Windows et Linux,<\/p>\n<p>ainsi que les produits Apple ( iMac, Macbook, etc).<\/p>\n<p>\u00a0<\/p>\n<p><em><strong>Sur rendez-vous<\/strong><\/em> : merci de t\u00e9l\u00e9phoner avant de passer, je suis parfois en d\u00e9placement.\u00a0<\/p>\n<p>Interventions \u00e0 l&rsquo;atelier, sur site, \u00e0 domicile, \u00e0 distance.\u00a0<\/p>\n<p>Service, mat\u00e9riel, maintenance, d\u00e9pannage informatique.<\/p>\n<p>\u00a0\u00a0<\/p>\n<p>Solutions informatiques et suivi. Probl\u00e8mes de lenteur, gestion des sauvegardes.\u00a0<\/p>\n<p>Serveurs, s\u00e9curit\u00e9, maintenance, virtualisation.\u00a0<\/p>\n<p>R\u00e9paration apr\u00e8s piratage, formation et conseil.<\/p>\n<p>\u00a0<\/p>\n<p>Sites internet.<\/p>\n<p>Merci de me contacter pour toute question !<\/p>\n<h4>Plan d&rsquo;acc\u00e8s<\/h4>\n<h5>Places de parking gratuites disponibles.<\/h5>\n<h5><a href=\"https:\/\/g.page\/r\/CRHMhAKLFIxKEBM\/\">Lien vers la fiche d&rsquo;\u00e9tablissement Google<\/a><\/h5>\n<style>\/*! elementor - v3.17.0 - 01-11-2023 *\/\n.elementor-widget-google_maps .elementor-widget-container{overflow:hidden}.elementor-widget-google_maps .elementor-custom-embed{line-height:0}.elementor-widget-google_maps iframe{height:300px}<\/style>\n<p>\t\t\t<iframe loading=\"lazy\"\n\t\t\t\t\tsrc=\"https:\/\/maps.google.com\/maps?q=Ubik%20Informatique%20-%20R%C3%A9paration%20PC%20-%20R%C3%A9paration%20PC%20portable%20et%20APPLE%20Cahors%20-%20D%C3%A9pannage%20informatique%20Cahors&#038;t=m&#038;z=13&#038;output=embed&#038;iwloc=near\"\n\t\t\t\t\ttitle=\"Ubik Informatique - R\u00e9paration PC - R\u00e9paration PC portable et APPLE Cahors - D\u00e9pannage informatique Cahors\"\n\t\t\t\t\taria-label=\"Ubik Informatique - R\u00e9paration PC - R\u00e9paration PC portable et APPLE Cahors - D\u00e9pannage informatique Cahors\"\n\t\t\t><\/iframe><\/p>\n<h4><a href=\"tel:+33640351866\"><\/p>\n<p>Pour toute information merci d&rsquo;appeler le 06 40 35 18 66<\/p>\n<p><\/a><\/h4>\n<p>[icon name=\u00a0\u00bbbriefcase\u00a0\u00bb prefix=\u00a0\u00bbfas\u00a0\u00bb] UBIK Informatique &#8211; [icon name=\u00a0\u00bbuser\u00a0\u00bb prefix=\u00a0\u00bbfar\u00a0\u00bb]\u00a0Julien Boulet<\/p>\n<p>14 All\u00e9e Mallarm\u00e9, 46000 Cahors<\/p>\n<p>[icon name=\u00a0\u00bbphone\u00a0\u00bb prefix=\u00a0\u00bbfas\u00a0\u00bb]\u00a0 06 40 35 18 66<\/p>\n<p>SIREN : 503 487 464<\/p>\n<p>Site cr\u00e9\u00e9 par<a href=\"\/elementor-796\"> Julien Boulet<\/a><\/p>\n<p>[icon name=\u00a0\u00bbenvelope\u00a0\u00bb prefix=\u00a0\u00bbfas\u00a0\u00bb]\u00a0\u00a0jbaipro at gmail.com<\/p>\n<p>[icon name=\u00a0\u00bbhand-point-up\u00a0\u00bb prefix=\u00a0\u00bbfar\u00a0\u00bb]\u00a0 <a href=\"#enhaut\">Haut de page<\/a><\/p>\n<p><a href=\"https:\/\/g.page\/r\/CRHMhAKLFIxKEBM\">Fiche d&rsquo; \u00e9tablissement Google<\/a><\/p>\n<p><a href=\"https:\/\/www.google.com\/maps\/dir\/\/Ubik+Informatique+-+R%C3%A9paration+PC+-+R%C3%A9paration+PC+portable+et+APPLE+Cahors+-+D%C3%A9pannage+informatique+Cahors,+14+All.+Mallarm%C3%A9,+46000+Cahors\/@44.4589169,1.4478296,17z\/data=!4m9!4m8!1m0!1m5!1m1!1s0x12ca260e5f03de49:0x4a8c148b0284cc11!2m2!1d1.4478296!2d44.4589169!3e0\">Itin\u00e9raire Google Maps<\/a><\/p>\n","protected":false},"excerpt":{"rendered":"<p>Julien Boulet UBIK Informatique Assistance informatique, Service et Mat\u00e9riel Informatique sur Cahors PC et APPLE Interventions garanties Professionnels et particuliers 4,9\/5 sur 195 avis Google Lien vers la fiche [wprevpro_usetemplate tid=\u00a0\u00bb2&Prime;] Pour toute information merci d&rsquo;appeler le 06 40 35 18 66 Depuis 2009. Assistance, mat\u00e9riel informatique et r\u00e9paration d&rsquo;ordinateurs PC fixes et portables sous [&hellip;]<\/p>\n","protected":false},"author":1,"featured_media":0,"parent":0,"menu_order":0,"comment_status":"closed","ping_status":"closed","template":"","meta":{"footnotes":""},"class_list":["post-7","page","type-page","status-publish","hentry"],"_links":{"self":[{"href":"https:\/\/jbai.fr\/WP3\/wp-json\/wp\/v2\/pages\/7","targetHints":{"allow":["GET"]}}],"collection":[{"href":"https:\/\/jbai.fr\/WP3\/wp-json\/wp\/v2\/pages"}],"about":[{"href":"https:\/\/jbai.fr\/WP3\/wp-json\/wp\/v2\/types\/page"}],"author":[{"embeddable":true,"href":"https:\/\/jbai.fr\/WP3\/wp-json\/wp\/v2\/users\/1"}],"replies":[{"embeddable":true,"href":"https:\/\/jbai.fr\/WP3\/wp-json\/wp\/v2\/comments?post=7"}],"version-history":[{"count":518,"href":"https:\/\/jbai.fr\/WP3\/wp-json\/wp\/v2\/pages\/7\/revisions"}],"predecessor-version":[{"id":816,"href":"https:\/\/jbai.fr\/WP3\/wp-json\/wp\/v2\/pages\/7\/revisions\/816"}],"wp:attachment":[{"href":"https:\/\/jbai.fr\/WP3\/wp-json\/wp\/v2\/media?parent=7"}],"curies":[{"name":"wp","href":"https:\/\/api.w.org\/{rel}","templated":true}]}}